{"id":1668,"date":"2023-01-12T08:48:34","date_gmt":"2023-01-12T08:48:34","guid":{"rendered":"https:\/\/www.sousamartinsapartments.com\/privacy-policy-cookies-policy\/"},"modified":"2023-01-19T12:22:49","modified_gmt":"2023-01-19T12:22:49","slug":"politica-de-privacidade-e-cookies","status":"publish","type":"page","link":"https:\/\/www.sousamartinsapartments.com\/pt\/politica-de-privacidade-e-cookies\/","title":{"rendered":"Pol\u00edtica de Privacidade e Cookies"},"content":{"rendered":"<!--themify_builder_content-->\n<div id=\"themify_builder_content-1668\" data-postid=\"1668\" class=\"themify_builder_content themify_builder_content-1668 themify_builder tf_clear\">\n    \t\t\t<!-- module_row -->\n\t<div  data-css_id=\"ioi4783\" data-lazy=\"1\" class=\"module_row themify_builder_row wrapgentopslide fullheight fullwidth tb_ioi4783 tb_first tf_w tf_clearfix\">\n\t    <div class=\"builder_row_cover tf_abs\"><\/div>\t\t\t<div class=\"row_inner col_align_top tb_col_count_1 tf_box tf_rel\">\n\t\t            <div  data-lazy=\"1\" class=\"module_column tb-column col-full tb_a7tq784 first\">\n                                                        <div class=\"tb-column-inner tf_box tf_w\">\n                        <!-- module text -->\n<div  class=\"module module-text tb_8nqd784 istopslider genlink   wow\" data-tf-animation=\"fadeInUp\" data-lazy=\"1\">\n        <div  class=\"tb_text_wrap\">\n    <p>Pol\u00edtica de Privacidade e Cookies<\/p>\n    <\/div>\n<\/div>\n<!-- \/module text -->                    <\/div>\n                            <\/div>\n            \t    <\/div>\n\t    <!-- \/row_inner -->\n\t<\/div>\n\t<!-- \/module_row -->\n\t\t\t\t<!-- module_row -->\n\t<div  data-lazy=\"1\" class=\"module_row themify_builder_row wrapcontactforms homecenter wrapperform iscontact tb_gnk669 tf_w tf_clearfix\">\n\t    \t\t\t<div class=\"row_inner col_align_top tb_col_count_1 tf_box tf_rel\">\n\t\t            <div  data-lazy=\"1\" class=\"module_column tb-column col-full tb_9wer70 first\">\n                                                        <div class=\"tb-column-inner tf_box tf_w\">\n                        <!-- module text -->\n<div  class=\"module module-text tb_j5ql362 wrapcontactformsy   wow\" data-tf-animation=\"fadeInDown\" data-lazy=\"1\">\n        <div  class=\"tb_text_wrap\">\n    <p><img decoding=\"async\" class=\"isgenicone\" src=\"https:\/\/www.sousamartinsapartments.com\/wp-content\/uploads\/2023\/01\/politics.svg\" alt=\"Contact us\" width=\"77\" \/><\/p>\n<h2>Pol\u00edtica de Privacidade e Cookies<\/h2>\n<h3>Pol\u00edtica de Privacidade<\/h3>\n    <\/div>\n<\/div>\n<!-- \/module text -->                    <\/div>\n                            <\/div>\n            \t    <\/div>\n\t    <!-- \/row_inner -->\n\t<\/div>\n\t<!-- \/module_row -->\n\t\t\t\t<!-- module_row -->\n\t<div  data-lazy=\"1\" class=\"module_row themify_builder_row tb_1qy9339 tf_w tf_clearfix\">\n\t    \t\t\t<div class=\"row_inner col_align_top tb_col_count_1 tf_box tf_rel\">\n\t\t            <div  data-lazy=\"1\" class=\"module_column tb-column col-full tb_phnt339 first\">\n                                                        <div class=\"tb-column-inner tf_box tf_w\">\n                        <!-- module text -->\n<div  class=\"module module-text tb_zoa6822 isprivatxt  \" data-lazy=\"1\">\n        <div  class=\"tb_text_wrap\">\n    <p>Sua privacidade \u00e9 importante para n\u00f3s. \u00c9 pol\u00edtica da Sousa Martins por Coporgest respeitar a sua privacidade relativamente a qualquer informa\u00e7\u00e3o sua que possamos recolher atrav\u00e9s do nosso website, Sousa Martins by Coporgest, e outros sites que possu\u00edmos e operamos.<\/p><p>S\u00f3 pedimos informa\u00e7\u00f5es pessoais quando realmente precisamos delas para fornecer um servi\u00e7o a voc\u00ea. N\u00f3s os coletamos por meios justos e legais, com seu conhecimento e consentimento. Tamb\u00e9m informamos por que estamos coletando e como ser\u00e1 usado.<\/p><p>Apenas retemos as informa\u00e7\u00f5es coletadas pelo tempo necess\u00e1rio para fornecer o servi\u00e7o solicitado. Quais dados armazenamos, protegeremos dentro de meios comercialmente aceit\u00e1veis \u200b\u200bpara evitar perda e roubo, bem como acesso n\u00e3o autorizado, divulga\u00e7\u00e3o, c\u00f3pia, uso ou modifica\u00e7\u00e3o.<\/p><p>N\u00e3o compartilhamos nenhuma informa\u00e7\u00e3o de identifica\u00e7\u00e3o pessoal publicamente ou com terceiros, exceto quando exigido por lei.<\/p><p>Nosso site pode conter links para sites externos que n\u00e3o s\u00e3o operados por n\u00f3s. Esteja ciente de que n\u00e3o temos controle sobre o conte\u00fado e as pr\u00e1ticas desses sites e n\u00e3o podemos aceitar responsabilidade por suas respectivas pol\u00edticas de privacidade.<\/p><p>Voc\u00ea \u00e9 livre para recusar nossa solicita\u00e7\u00e3o de informa\u00e7\u00f5es pessoais, com o entendimento de que talvez n\u00e3o possamos fornecer alguns dos servi\u00e7os desejados.<\/p><p>Seu uso continuado de nosso site ser\u00e1 considerado como aceita\u00e7\u00e3o de nossas pr\u00e1ticas sobre privacidade e informa\u00e7\u00f5es pessoais. Se voc\u00ea tiver alguma d\u00favida sobre como lidamos com os dados do usu\u00e1rio e informa\u00e7\u00f5es pessoais, entre em contato conosco.<\/p><p><strong>Pol\u00edtica de Cookies da Sousa Martins por Coporgest<\/strong><\/p><p>Esta \u00e9 a Pol\u00edtica de Cookies da Sousa Martins por Coporgest, acess\u00edvel a partir do URL WWW.SOUSAMARTINSAPARTMENTS.COM.<\/p><p><strong>O que s\u00e3o cookies<\/strong><\/p><p>Como \u00e9 pr\u00e1tica comum em quase todos os sites profissionais, este site usa cookies, que s\u00e3o pequenos arquivos baixados em seu computador, para melhorar sua experi\u00eancia. Esta p\u00e1gina descreve quais informa\u00e7\u00f5es eles coletam, como as usamos e por que \u00e0s vezes precisamos armazenar esses cookies. Tamb\u00e9m compartilharemos como voc\u00ea pode evitar que esses cookies sejam armazenados, mas isso pode prejudicar ou interromper certos elementos da funcionalidade do site.<\/p><p><strong>Como Usamos Cookies<\/strong><\/p><p>Usamos cookies por v\u00e1rios motivos detalhados abaixo. Infelizmente, na maioria dos casos, n\u00e3o h\u00e1 op\u00e7\u00f5es padr\u00e3o do setor para desativar os cookies sem desativar completamente a funcionalidade e os recursos que eles adicionam a este site. \u00c9 recomend\u00e1vel que voc\u00ea deixe todos os cookies se n\u00e3o tiver certeza se precisa deles ou n\u00e3o, caso sejam usados \u200b\u200bpara fornecer um servi\u00e7o que voc\u00ea usa.<\/p><p><strong>Desabilitando Cookies<\/strong><\/p><p>Voc\u00ea pode impedir a configura\u00e7\u00e3o de cookies ajustando as configura\u00e7\u00f5es do seu navegador (consulte a Ajuda do navegador para saber como fazer isso). Esteja ciente de que desativar os cookies afetar\u00e1 a funcionalidade deste e de muitos outros sites que voc\u00ea visitar. A desativa\u00e7\u00e3o de cookies geralmente resultar\u00e1 na desativa\u00e7\u00e3o de certas funcionalidades e recursos deste site. Portanto, \u00e9 recomend\u00e1vel que voc\u00ea n\u00e3o desative os cookies.<\/p><p><strong>Os Cookies que Definimos<\/strong><\/p><p><strong>Cookies de terceiros<\/strong><\/p><p>Em alguns casos especiais, tamb\u00e9m usamos cookies fornecidos por terceiros confi\u00e1veis. A se\u00e7\u00e3o a seguir detalha quais cookies de terceiros voc\u00ea pode encontrar neste site.<\/p><p><strong>Responsabilidades do usu\u00e1rio<\/strong><\/p><p>O usu\u00e1rio assume a responsabilidade de fazer um uso adequado dos conte\u00fados e informa\u00e7\u00f5es oferecidos no site com comportamento enunciativo, mas n\u00e3o imitativo:<\/p><p>A) N\u00e3o praticar atividades ilegais ou contr\u00e1rias \u00e0 boa f\u00e9 e \u00e0 ordem p\u00fablica;<br \/>B) N\u00e3o difundir propaganda ou conte\u00fados de cariz racista, xen\u00f3fobo, onde apostar ou de jogo, qualquer tipo de pornografia ilegal, alega\u00e7\u00f5es terroristas ou atentat\u00f3rias dos direitos humanos;<br \/>C) N\u00e3o causar danos a sistemas f\u00edsicos (hardware) e inating\u00edveis (software) da Sousa Martins pela Coporgest, seus fornecedores ou terceiros, para introduzir ou disseminar v\u00edrus inform\u00e1ticos ou quaisquer outros sistemas de hardware ou software que sejam capazes de causar os danos anteriormente referidos .<\/p><p><strong>Mais Informa\u00e7\u00f5es<\/strong><\/p><p>Espero que isso tenha esclarecido as coisas para voc\u00ea e, como foi mencionado anteriormente, se houver algo que voc\u00ea n\u00e3o tem certeza se precisa ou n\u00e3o, geralmente \u00e9 mais seguro deixar os cookies ativados caso interaja com um dos recursos que voc\u00ea usa em nosso site.<\/p><p>Esta pol\u00edtica \u00e9 v\u00e1lida a partir de 12 de janeiro de 2023.<\/p>    <\/div>\n<\/div>\n<!-- \/module text -->                    <\/div>\n                            <\/div>\n            \t    <\/div>\n\t    <!-- \/row_inner -->\n\t<\/div>\n\t<!-- \/module_row -->\n\t<\/div>\n<!--\/themify_builder_content-->","protected":false},"excerpt":{"rendered":"<p>Pol\u00edtica de Privacidade e Cookies Pol\u00edtica de Privacidade e Cookies Pol\u00edtica de Privacidade Sua privacidade \u00e9 importante para n\u00f3s. \u00c9 pol\u00edtica da Sousa Martins por Coporgest respeitar a sua privacidade relativamente a qualquer informa\u00e7\u00e3o sua que possamos recolher atrav\u00e9s do nosso website, Sousa Martins by Coporgest, e outros sites que possu\u00edmos e operamos. S\u00f3 pedimos [&hellip;]<\/p>\n","protected":false},"author":1,"featured_media":1581,"parent":0,"menu_order":4,"comment_status":"closed","ping_status":"closed","template":"","meta":{"footnotes":""},"yoast_head":"<title>Pol\u00edtica de Privacidade e Cookies | Sousa Martins Premium Apartments<\/title>\n<meta name=\"description\" content=\"Sua privacidade \u00e9 importante para n\u00f3s. \u00c9 pol\u00edtica da Sousa Martins by Coporgest respeitar a sua privacidade relativamente a qualquer informa\u00e7\u00e3o sua que possamos recolher atrav\u00e9s do nosso website.\" \/>\n<meta name=\"robots\" content=\"index, follow, max-snippet:-1, max-image-preview:large, max-video-preview:-1\" \/>\n<link rel=\"canonical\" href=\"https:\/\/www.sousamartinsapartments.com\/pt\/politica-de-privacidade-e-cookies\/\" \/>\n<meta property=\"og:locale\" content=\"pt_PT\" \/>\n<meta property=\"og:type\" content=\"article\" \/>\n<meta property=\"og:title\" content=\"Pol\u00edtica de Privacidade e Cookies | Sousa Martins Premium Apartments\" \/>\n<meta property=\"og:description\" content=\"Sua privacidade \u00e9 importante para n\u00f3s. \u00c9 pol\u00edtica da Sousa Martins by Coporgest respeitar a sua privacidade relativamente a qualquer informa\u00e7\u00e3o sua que possamos recolher atrav\u00e9s do nosso website.\" \/>\n<meta property=\"og:url\" content=\"https:\/\/www.sousamartinsapartments.com\/pt\/politica-de-privacidade-e-cookies\/\" \/>\n<meta property=\"og:site_name\" content=\"Sousa Martins Apartments\" \/>\n<meta property=\"article:modified_time\" content=\"2023-01-19T12:22:49+00:00\" \/>\n<meta property=\"og:image\" content=\"https:\/\/www.sousamartinsapartments.com\/wp-content\/uploads\/2023\/01\/IMAGEM-20-1.jpg\" \/>\n\t<meta property=\"og:image:width\" content=\"1920\" \/>\n\t<meta property=\"og:image:height\" content=\"1080\" \/>\n\t<meta property=\"og:image:type\" content=\"image\/jpeg\" \/>\n<meta name=\"twitter:card\" content=\"summary_large_image\" \/>\n<meta name=\"twitter:label1\" content=\"Est. reading time\" \/>\n\t<meta name=\"twitter:data1\" content=\"4 minutes\" \/>\n<script type=\"application\/ld+json\" class=\"yoast-schema-graph\">{\"@context\":\"https:\/\/schema.org\",\"@graph\":[{\"@type\":\"WebPage\",\"@id\":\"https:\/\/www.sousamartinsapartments.com\/pt\/politica-de-privacidade-e-cookies\/\",\"url\":\"https:\/\/www.sousamartinsapartments.com\/pt\/politica-de-privacidade-e-cookies\/\",\"name\":\"Pol\u00edtica de Privacidade e Cookies | Sousa Martins Premium Apartments\",\"isPartOf\":{\"@id\":\"https:\/\/www.sousamartinsapartments.com\/pt\/#website\"},\"datePublished\":\"2023-01-12T08:48:34+00:00\",\"dateModified\":\"2023-01-19T12:22:49+00:00\",\"description\":\"Sua privacidade \u00e9 importante para n\u00f3s. \u00c9 pol\u00edtica da Sousa Martins by Coporgest respeitar a sua privacidade relativamente a qualquer informa\u00e7\u00e3o sua que possamos recolher atrav\u00e9s do nosso website.\",\"breadcrumb\":{\"@id\":\"https:\/\/www.sousamartinsapartments.com\/pt\/politica-de-privacidade-e-cookies\/#breadcrumb\"},\"inLanguage\":\"pt\",\"potentialAction\":[{\"@type\":\"ReadAction\",\"target\":[\"https:\/\/www.sousamartinsapartments.com\/pt\/politica-de-privacidade-e-cookies\/\"]}]},{\"@type\":\"BreadcrumbList\",\"@id\":\"https:\/\/www.sousamartinsapartments.com\/pt\/politica-de-privacidade-e-cookies\/#breadcrumb\",\"itemListElement\":[{\"@type\":\"ListItem\",\"position\":1,\"name\":\"Home\",\"item\":\"https:\/\/www.sousamartinsapartments.com\/pt\/\"},{\"@type\":\"ListItem\",\"position\":2,\"name\":\"Pol\u00edtica de Privacidade e Cookies\"}]},{\"@type\":\"WebSite\",\"@id\":\"https:\/\/www.sousamartinsapartments.com\/pt\/#website\",\"url\":\"https:\/\/www.sousamartinsapartments.com\/pt\/\",\"name\":\"Sousa Martins Apartments\",\"description\":\"Sousa Martins Apartments\",\"potentialAction\":[{\"@type\":\"SearchAction\",\"target\":{\"@type\":\"EntryPoint\",\"urlTemplate\":\"https:\/\/www.sousamartinsapartments.com\/pt\/?s={search_term_string}\"},\"query-input\":\"required name=search_term_string\"}],\"inLanguage\":\"pt\"}]}<\/script>","yoast_head_json":{"title":"Pol\u00edtica de Privacidade e Cookies | Sousa Martins Premium Apartments","description":"Sua privacidade \u00e9 importante para n\u00f3s. \u00c9 pol\u00edtica da Sousa Martins by Coporgest respeitar a sua privacidade relativamente a qualquer informa\u00e7\u00e3o sua que possamos recolher atrav\u00e9s do nosso website.","robots":{"index":"index","follow":"follow","max-snippet":"max-snippet:-1","max-image-preview":"max-image-preview:large","max-video-preview":"max-video-preview:-1"},"canonical":"https:\/\/www.sousamartinsapartments.com\/pt\/politica-de-privacidade-e-cookies\/","og_locale":"pt_PT","og_type":"article","og_title":"Pol\u00edtica de Privacidade e Cookies | Sousa Martins Premium Apartments","og_description":"Sua privacidade \u00e9 importante para n\u00f3s. \u00c9 pol\u00edtica da Sousa Martins by Coporgest respeitar a sua privacidade relativamente a qualquer informa\u00e7\u00e3o sua que possamos recolher atrav\u00e9s do nosso website.","og_url":"https:\/\/www.sousamartinsapartments.com\/pt\/politica-de-privacidade-e-cookies\/","og_site_name":"Sousa Martins Apartments","article_modified_time":"2023-01-19T12:22:49+00:00","og_image":[{"width":1920,"height":1080,"url":"https:\/\/www.sousamartinsapartments.com\/wp-content\/uploads\/2023\/01\/IMAGEM-20-1.jpg","type":"image\/jpeg"}],"twitter_card":"summary_large_image","twitter_misc":{"Est. reading time":"4 minutes"},"schema":{"@context":"https:\/\/schema.org","@graph":[{"@type":"WebPage","@id":"https:\/\/www.sousamartinsapartments.com\/pt\/politica-de-privacidade-e-cookies\/","url":"https:\/\/www.sousamartinsapartments.com\/pt\/politica-de-privacidade-e-cookies\/","name":"Pol\u00edtica de Privacidade e Cookies | Sousa Martins Premium Apartments","isPartOf":{"@id":"https:\/\/www.sousamartinsapartments.com\/pt\/#website"},"datePublished":"2023-01-12T08:48:34+00:00","dateModified":"2023-01-19T12:22:49+00:00","description":"Sua privacidade \u00e9 importante para n\u00f3s. \u00c9 pol\u00edtica da Sousa Martins by Coporgest respeitar a sua privacidade relativamente a qualquer informa\u00e7\u00e3o sua que possamos recolher atrav\u00e9s do nosso website.","breadcrumb":{"@id":"https:\/\/www.sousamartinsapartments.com\/pt\/politica-de-privacidade-e-cookies\/#breadcrumb"},"inLanguage":"pt","potentialAction":[{"@type":"ReadAction","target":["https:\/\/www.sousamartinsapartments.com\/pt\/politica-de-privacidade-e-cookies\/"]}]},{"@type":"BreadcrumbList","@id":"https:\/\/www.sousamartinsapartments.com\/pt\/politica-de-privacidade-e-cookies\/#breadcrumb","itemListElement":[{"@type":"ListItem","position":1,"name":"Home","item":"https:\/\/www.sousamartinsapartments.com\/pt\/"},{"@type":"ListItem","position":2,"name":"Pol\u00edtica de Privacidade e Cookies"}]},{"@type":"WebSite","@id":"https:\/\/www.sousamartinsapartments.com\/pt\/#website","url":"https:\/\/www.sousamartinsapartments.com\/pt\/","name":"Sousa Martins Apartments","description":"Sousa Martins Apartments","potentialAction":[{"@type":"SearchAction","target":{"@type":"EntryPoint","urlTemplate":"https:\/\/www.sousamartinsapartments.com\/pt\/?s={search_term_string}"},"query-input":"required name=search_term_string"}],"inLanguage":"pt"}]}},"_links":{"self":[{"href":"https:\/\/www.sousamartinsapartments.com\/pt\/wp-json\/wp\/v2\/pages\/1668"}],"collection":[{"href":"https:\/\/www.sousamartinsapartments.com\/pt\/wp-json\/wp\/v2\/pages"}],"about":[{"href":"https:\/\/www.sousamartinsapartments.com\/pt\/wp-json\/wp\/v2\/types\/page"}],"author":[{"embeddable":true,"href":"https:\/\/www.sousamartinsapartments.com\/pt\/wp-json\/wp\/v2\/users\/1"}],"replies":[{"embeddable":true,"href":"https:\/\/www.sousamartinsapartments.com\/pt\/wp-json\/wp\/v2\/comments?post=1668"}],"version-history":[{"count":6,"href":"https:\/\/www.sousamartinsapartments.com\/pt\/wp-json\/wp\/v2\/pages\/1668\/revisions"}],"predecessor-version":[{"id":1768,"href":"https:\/\/www.sousamartinsapartments.com\/pt\/wp-json\/wp\/v2\/pages\/1668\/revisions\/1768"}],"wp:featuredmedia":[{"embeddable":true,"href":"https:\/\/www.sousamartinsapartments.com\/pt\/wp-json\/wp\/v2\/media\/1581"}],"wp:attachment":[{"href":"https:\/\/www.sousamartinsapartments.com\/pt\/wp-json\/wp\/v2\/media?parent=1668"}],"curies":[{"name":"wp","href":"https:\/\/api.w.org\/{rel}","templated":true}]}}